{"id":581,"date":"2019-06-18T07:04:59","date_gmt":"2019-06-18T12:04:59","guid":{"rendered":"https:\/\/toolcase.hub.com.co\/apotema\/?page_id=581"},"modified":"2019-08-08T11:18:32","modified_gmt":"2019-08-08T16:18:32","slug":"nuestra-arquitectura","status":"publish","type":"page","link":"https:\/\/www.apotema.com.co\/web\/nuestra-arquitectura\/","title":{"rendered":"Nuestra arquitectura"},"content":{"rendered":"<p>[vc_row css=&#8221;.vc_custom_1563458478892{background-color: #000000 !important;}&#8221;][vc_column][vc_raw_html]JTNDaDElMjBzdHlsZSUzRCUyMmNvbG9yJTNBJTIwJTIzZmZmJTNCJTIwdGV4dC1hbGlnbiUzQXJpZ2h0JTIyJTNFJTNDc3BhbiUyMGNsYXNzJTNEJTIydGV4dC15ZWxsb3clMjIlM0VOVUVTVFJBJTNDJTJGc3BhbiUzRSUzQ2JyJTNFJTBBQVJRVUlURUNUVVJBJTNDJTJGaDElM0U=[\/vc_raw_html][\/vc_column][\/vc_row][vc_row css=&#8221;.vc_custom_1560860184950{background-image: url(https:\/\/toolcase.hub.com.co\/apotema\/wp-content\/uploads\/2019\/06\/textura-ne.png?id=540) !important;}&#8221;][vc_column width=&#8221;1\/2&#8243;][vc_single_image image=&#8221;698&#8243; img_size=&#8221;full&#8221; alignment=&#8221;right&#8221; css_animation=&#8221;bounceInLeft&#8221;][\/vc_column][vc_column width=&#8221;1\/2&#8243;][vc_empty_space][vc_column_text css_animation=&#8221;bounceInRight&#8221; css=&#8221;.vc_custom_1565281083564{padding-top: 50px !important;padding-right: 50px !important;padding-bottom: 50px !important;padding-left: 50px !important;background-image: url(https:\/\/toolcase.hub.com.co\/apotema\/wp-content\/uploads\/2019\/06\/na-2.png?id=592) !important;}&#8221;]<\/p>\n<h1>ORG\u00c1NICA<\/h1>\n<p class=\"texto-justify\">La arquitectura que Apotema integra en sus proyectos inmobiliarios est\u00e1 enfocada en la preservaci\u00f3n de la naturaleza, nos adaptamos a cada espacio e integramos el concepto de arquitectura org\u00e1nica en nuestras edificaciones. Esto, adem\u00e1s de ser responsable con el medio ambiente, le da un toque diferente a cada proyecto. <strong>La sostenibilidad de nuestros proyectos es la base de nuestra experiencia.<\/strong><\/p>\n<p>[\/vc_column_text][vc_empty_space][\/vc_column][\/vc_row][vc_row css=&#8221;.vc_custom_1560860421113{background-image: url(https:\/\/toolcase.hub.com.co\/apotema\/wp-content\/uploads\/2019\/06\/nuestraempresa_fondo.png?id=528) !important;}&#8221;][vc_column width=&#8221;1\/2&#8243;][vc_empty_space height=&#8221;50px&#8221;][vc_column_text css_animation=&#8221;bounceInLeft&#8221; css=&#8221;.vc_custom_1561500141069{padding-top: 50px !important;padding-right: 50px !important;padding-bottom: 50px !important;padding-left: 50px !important;}&#8221;]<\/p>\n<h1 class=\"text-yellow\">RESPONSABLE<\/h1>\n<p class=\"texto-justify\">Nuestros proyectos est\u00e1n dise\u00f1ados bajo las m\u00e1s estrictas normas urban\u00edsticas, construimos con sentido optimizando los espacios, sin dejar de lado la est\u00e9tica de las edificaciones. <strong>Construimos un mundo nuevo a partir de la arquitectura convencional con un enfoque hacia el futuro.<\/strong><\/p>\n<p>[\/vc_column_text][vc_empty_space][\/vc_column][vc_column width=&#8221;1\/2&#8243;][vc_empty_space height=&#8221;50px&#8221;][vc_single_image image=&#8221;701&#8243; img_size=&#8221;full&#8221; alignment=&#8221;right&#8221; css_animation=&#8221;bounceInRight&#8221;][\/vc_column][\/vc_row][vc_row css=&#8221;.vc_custom_1560860914365{background-color: #000000 !important;background-position: center !important;background-repeat: no-repeat !important;background-size: cover !important;}&#8221;][vc_column width=&#8221;1\/2&#8243;][vc_empty_space height=&#8221;50px&#8221;][vc_single_image image=&#8221;704&#8243; img_size=&#8221;full&#8221; alignment=&#8221;right&#8221; css_animation=&#8221;bounceInLeft&#8221;][\/vc_column][vc_column width=&#8221;1\/2&#8243;][vc_empty_space height=&#8221;50px&#8221;][vc_column_text css_animation=&#8221;bounceInRight&#8221; css=&#8221;.vc_custom_1561053170669{padding-top: 50px !important;padding-right: 50px !important;padding-bottom: 50px !important;padding-left: 50px !important;}&#8221;]<\/p>\n<div style=\"color: #fff;\">\n<h1 style=\"color: #fff;\">SEGURA<\/h1>\n<p class=\"texto-justify\">Nuestras edificaciones est\u00e1n construidas a partir de la colocaci\u00f3n de s\u00f3lidas estructuras que garantizan <strong>durabilidad y seguridad<\/strong>, otorgando <strong>permanencia y resistencia<\/strong> a todas las obras que desarrollamos bajo esta modalidad.<\/p>\n<\/div>\n<p>[\/vc_column_text][\/vc_column][\/vc_row][vc_row][vc_column width=&#8221;1\/2&#8243; css=&#8221;.vc_custom_1560861195159{background-image: url(https:\/\/toolcase.hub.com.co\/apotema\/wp-content\/uploads\/2019\/06\/experto-back.png?id=552) !important;}&#8221;][vc_column_text css_animation=&#8221;bounceInLeft&#8221; css=&#8221;.vc_custom_1565281111542{padding-top: 50px !important;padding-right: 50px !important;padding-bottom: 50px !important;padding-left: 50px !important;}&#8221;]<\/p>\n<h1 class=\"text-yellow\">PERSONALIZADA<\/h1>\n<p class=\"texto-justify\">La aplicaci\u00f3n de m\u00e9todos de construcci\u00f3n adecuados, nos permite desarrollar productos y servicios, que se ajusten a las necesidades y expectativas de nuestros clientes ya sean personas naturales u organizaciones; para ello contamos con un equipo de profesionales id\u00f3neo para afrontar el reto de ser cada d\u00eda mejores.<\/p>\n<p>[\/vc_column_text][vc_empty_space height=&#8221;100px&#8221;][\/vc_column][vc_column width=&#8221;1\/2&#8243;][vc_empty_space height=&#8221;50px&#8221;][vc_single_image image=&#8221;966&#8243; img_size=&#8221;full&#8221; alignment=&#8221;right&#8221; css_animation=&#8221;bounceInLeft&#8221;][\/vc_column][\/vc_row][vc_row css=&#8221;.vc_custom_1560861385466{background-color: #ffffff !important;background-position: center !important;background-repeat: no-repeat !important;background-size: cover !important;}&#8221;][vc_column width=&#8221;1\/2&#8243;][vc_empty_space height=&#8221;50px&#8221;][vc_single_image image=&#8221;967&#8243; img_size=&#8221;full&#8221; alignment=&#8221;right&#8221; css_animation=&#8221;bounceInRight&#8221;][\/vc_column][vc_column width=&#8221;1\/2&#8243; css=&#8221;.vc_custom_1563489968334{background-image: url(https:\/\/www.apotema.com.co\/web\/wp-content\/uploads\/2019\/06\/back-black-1.png?id=606) !important;}&#8221;][vc_empty_space height=&#8221;50px&#8221;][vc_empty_space height=&#8221;50px&#8221;][vc_column_text css_animation=&#8221;none&#8221; css=&#8221;.vc_custom_1563489926900{padding-top: 50px !important;padding-right: 50px !important;padding-bottom: 50px !important;padding-left: 50px !important;}&#8221;]<\/p>\n<div style=\"color: #fff;\">\n<h1 style=\"color: #fff;\">VANGUARDISTA<\/h1>\n<p class=\"texto-justify\">La integraci\u00f3n de nuevas tendencias, en contraste con la implementaci\u00f3n de espacios \u00f3ptimos, nos permite estar a la vanguardia e integrar nuestros conocimientos a la <strong>creaci\u00f3n de proyectos innovadores<\/strong>, acordes a las exigencias cambiantes del mercado.<\/p>\n<\/div>\n<p>[\/vc_column_text][\/vc_column][\/vc_row][vc_row][vc_column width=&#8221;1\/2&#8243;][vc_column_text css_animation=&#8221;bounceInLeft&#8221; css=&#8221;.vc_custom_1561500188148{padding-top: 50px !important;padding-right: 50px !important;padding-bottom: 50px !important;padding-left: 50px !important;}&#8221;]<\/p>\n<h1 class=\"text-yellow\">INNOVADORA<\/h1>\n<p class=\"texto-justify\">La preparaci\u00f3n de nuestro equipo, en constante evoluci\u00f3n y producci\u00f3n de nuevas ideas, es uno de los pilares arquitect\u00f3nicos para generar proyectos de actualidad, con un <strong>sello propio<\/strong> en el desarrollo del sector.<\/p>\n<p>[\/vc_column_text][\/vc_column][vc_column width=&#8221;1\/2&#8243;][vc_empty_space height=&#8221;50px&#8221;][vc_single_image image=&#8221;968&#8243; img_size=&#8221;full&#8221; alignment=&#8221;right&#8221; css_animation=&#8221;bounceInRight&#8221;][\/vc_column][\/vc_row]<\/p>\n","protected":false},"excerpt":{"rendered":"<p>[vc_row css=&#8221;.vc_custom_1563458478892{background-color: #000000 !important;}&#8221;][vc_column][vc_raw_html]JTNDaDElMjBzdHlsZSUzRCUyMmNvbG9yJTNBJTIwJTIzZmZmJTNCJTIwdGV4dC1hbGlnbiUzQXJpZ2h0JTIyJTNFJTNDc3BhbiUyMGNsYXNzJTNEJTIydGV4dC15ZWxsb3clMjIlM0VOVUVTVFJBJTNDJTJGc3BhbiUzRSUzQ2JyJTNFJTBBQVJRVUlURUNUVVJBJTNDJTJGaDElM0U=[\/vc_raw_html][\/vc_column][\/vc_row][vc_row css=&#8221;.vc_custom_1560860184950{background-image: url(https:\/\/toolcase.hub.com.co\/apotema\/wp-content\/uploads\/2019\/06\/textura-ne.png?id=540) !important;}&#8221;][vc_column width=&#8221;1\/2&#8243;][vc_single_image image=&#8221;698&#8243; img_size=&#8221;full&#8221; alignment=&#8221;right&#8221; css_animation=&#8221;bounceInLeft&#8221;][\/vc_column][vc_column width=&#8221;1\/2&#8243;][vc_empty_space][vc_column_text css_animation=&#8221;bounceInRight&#8221; css=&#8221;.vc_custom_1565281083564{padding-top: 50px !important;padding-right: 50px !important;padding-bottom: 50px !important;padding-left: 50px !important;background-image: url(https:\/\/toolcase.hub.com.co\/apotema\/wp-content\/uploads\/2019\/06\/na-2.png?id=592) !important;}&#8221;] ORG\u00c1NICA La arquitectura que Apotema integra en sus proyectos inmobiliarios est\u00e1 enfocada en la preservaci\u00f3n de la naturaleza, nos adaptamos a cada espacio e integramos el concepto de arquitectura org\u00e1nica [&hellip;]<\/p>\n","protected":false},"author":1,"featured_media":0,"parent":0,"menu_order":0,"comment_status":"closed","ping_status":"closed","template":"template\/home-4.php","meta":[],"_links":{"self":[{"href":"https:\/\/www.apotema.com.co\/web\/wp-json\/wp\/v2\/pages\/581"}],"collection":[{"href":"https:\/\/www.apotema.com.co\/web\/wp-json\/wp\/v2\/pages"}],"about":[{"href":"https:\/\/www.apotema.com.co\/web\/wp-json\/wp\/v2\/types\/page"}],"author":[{"embeddable":true,"href":"https:\/\/www.apotema.com.co\/web\/wp-json\/wp\/v2\/users\/1"}],"replies":[{"embeddable":true,"href":"https:\/\/www.apotema.com.co\/web\/wp-json\/wp\/v2\/comments?post=581"}],"version-history":[{"count":61,"href":"https:\/\/www.apotema.com.co\/web\/wp-json\/wp\/v2\/pages\/581\/revisions"}],"predecessor-version":[{"id":985,"href":"https:\/\/www.apotema.com.co\/web\/wp-json\/wp\/v2\/pages\/581\/revisions\/985"}],"wp:attachment":[{"href":"https:\/\/www.apotema.com.co\/web\/wp-json\/wp\/v2\/media?parent=581"}],"curies":[{"name":"wp","href":"https:\/\/api.w.org\/{rel}","templated":true}]}}